{"id":25,"date":"2025-02-17T18:26:34","date_gmt":"2025-02-17T17:26:34","guid":{"rendered":"https:\/\/benartandwords.com\/?page_id=25"},"modified":"2025-04-22T10:58:47","modified_gmt":"2025-04-22T08:58:47","slug":"my-public-poetry-collection","status":"publish","type":"page","link":"https:\/\/benartandwords.com\/fr\/my-public-poetry-collection\/","title":{"rendered":"Mon Recueil Public de Po\u00e9sie"},"content":{"rendered":"<div class=\"wp-block-group alignfull has-global-padding is-content-justification-center is-layout-constrained wp-container-core-group-is-layout-7cd794a2 wp-block-group-is-layout-constrained\" style=\"margin-top:0;margin-bottom:0;padding-top:calc( 0.5 * var(--wp--style--root--padding-right, var(--wp--custom--gap--horizontal)));padding-right:var(--wp--style--root--padding-right, var(--wp--custom--gap--horizontal));padding-bottom:calc( 0.5 * var(--wp--style--root--padding-right, var(--wp--custom--gap--horizontal)));padding-left:var(--wp--style--root--padding-left, var(--wp--custom--gap--horizontal))\">\n<div style=\"height:calc( 0.25 * var(--wp--style--root--padding-right, var(--wp--custom--gap--horizontal)))\" aria-hidden=\"true\" class=\"wp-block-spacer\"><\/div>\n\n\n\n<p class=\"has-text-align-left wp-container-content-663c14dd wp-block-paragraph\">Une s\u00e9lection de mes po\u00e8mes dans ce recueil de po\u00e9sie publique, o\u00f9 les mots et les \u00e9motions s'entrem\u00ealent. N'h\u00e9sitez pas \u00e0 explorer et \u00e0 vous immerger dans mon \u00e9criture.<\/p>\n\n\n\n<div style=\"height:var(--wp--preset--spacing--40)\" aria-hidden=\"true\" class=\"wp-block-spacer\"><\/div>\n\n\n\n<div class=\"wp-block-columns alignwide has-medium-font-size is-layout-flex wp-container-core-columns-is-layout-a78f41f9 wp-block-columns-is-layout-flex\">\n<div class=\"wp-block-column is-layout-flow wp-container-core-column-is-layout-0c22cdd7 wp-block-column-is-layout-flow\">\n<figure class=\"wp-block-image size-full is-resized\"><a href=\"https:\/\/benartandwords.com\/fr\/again\/\"><img data-recalc-dims=\"1\" loading=\"lazy\" decoding=\"async\" width=\"1080\" height=\"1350\" data-attachment-id=\"78\" data-permalink=\"https:\/\/benartandwords.com\/fr\/my-public-poetry-collection\/ben-encore-couv-eng\/\" data-orig-file=\"https:\/\/i0.wp.com\/benartandwords.com\/wp-content\/uploads\/2025\/02\/ben-encore-couv-eng.png?fit=1080%2C1350&amp;ssl=1\" data-orig-size=\"1080,1350\" data-comments-opened=\"1\" data-image-meta=\"{&quot;aperture&quot;:&quot;0&quot;,&quot;credit&quot;:&quot;&quot;,&quot;camera&quot;:&quot;&quot;,&quot;caption&quot;:&quot;&quot;,&quot;created_timestamp&quot;:&quot;0&quot;,&quot;copyright&quot;:&quot;&quot;,&quot;focal_length&quot;:&quot;0&quot;,&quot;iso&quot;:&quot;0&quot;,&quot;shutter_speed&quot;:&quot;0&quot;,&quot;title&quot;:&quot;&quot;,&quot;orientation&quot;:&quot;0&quot;}\" data-image-title=\"BEN &amp;#8211; Encore Couv eng\" data-image-description=\"\" data-image-caption=\"\" data-large-file=\"https:\/\/i0.wp.com\/benartandwords.com\/wp-content\/uploads\/2025\/02\/ben-encore-couv-eng.png?fit=819%2C1024&amp;ssl=1\" src=\"https:\/\/i0.wp.com\/benartandwords.com\/wp-content\/uploads\/2025\/02\/ben-encore-couv-eng.png?resize=1080%2C1350&#038;ssl=1\" alt=\"\" class=\"wp-image-78\" style=\"aspect-ratio:0.75;object-fit:cover;width:343px;height:auto\"\/><\/a><\/figure>\n<\/div>\n\n\n\n<div class=\"wp-block-column is-layout-flow wp-block-column-is-layout-flow\">\n<figure class=\"wp-block-image size-large\"><a href=\"https:\/\/benartandwords.com\/fr\/the-gaze\/\"><img data-recalc-dims=\"1\" loading=\"lazy\" decoding=\"async\" width=\"1080\" height=\"1350\" data-attachment-id=\"79\" data-permalink=\"https:\/\/benartandwords.com\/fr\/my-public-poetry-collection\/le-regard-couv-eng\/\" data-orig-file=\"https:\/\/i0.wp.com\/benartandwords.com\/wp-content\/uploads\/2025\/02\/le-regard-couv-eng.png?fit=1080%2C1350&amp;ssl=1\" data-orig-size=\"1080,1350\" data-comments-opened=\"1\" data-image-meta=\"{&quot;aperture&quot;:&quot;0&quot;,&quot;credit&quot;:&quot;&quot;,&quot;camera&quot;:&quot;&quot;,&quot;caption&quot;:&quot;&quot;,&quot;created_timestamp&quot;:&quot;0&quot;,&quot;copyright&quot;:&quot;&quot;,&quot;focal_length&quot;:&quot;0&quot;,&quot;iso&quot;:&quot;0&quot;,&quot;shutter_speed&quot;:&quot;0&quot;,&quot;title&quot;:&quot;&quot;,&quot;orientation&quot;:&quot;0&quot;}\" data-image-title=\"le regard couv &amp;#8211; eng\" data-image-description=\"\" data-image-caption=\"\" data-large-file=\"https:\/\/i0.wp.com\/benartandwords.com\/wp-content\/uploads\/2025\/02\/le-regard-couv-eng.png?fit=819%2C1024&amp;ssl=1\" src=\"https:\/\/i0.wp.com\/benartandwords.com\/wp-content\/uploads\/2025\/02\/le-regard-couv-eng.png?resize=1080%2C1350&#038;ssl=1\" alt=\"\" class=\"wp-image-79\"\/><\/a><\/figure>\n<\/div>\n\n\n\n<div class=\"wp-block-column is-layout-flow wp-block-column-is-layout-flow\">\n<figure class=\"wp-block-image size-large\"><a href=\"https:\/\/benartandwords.com\/fr\/the-hollow-of-your-heart\/\"><img data-recalc-dims=\"1\" loading=\"lazy\" decoding=\"async\" width=\"819\" height=\"1024\" data-attachment-id=\"265\" data-permalink=\"https:\/\/benartandwords.com\/fr\/my-public-poetry-collection\/poe-the-hollow-of-your-heart\/\" data-orig-file=\"https:\/\/i0.wp.com\/benartandwords.com\/wp-content\/uploads\/2025\/04\/POE-The-hollow-of-your-heart.png?fit=1080%2C1350&amp;ssl=1\" data-orig-size=\"1080,1350\" data-comments-opened=\"0\" data-image-meta=\"{&quot;aperture&quot;:&quot;0&quot;,&quot;credit&quot;:&quot;&quot;,&quot;camera&quot;:&quot;&quot;,&quot;caption&quot;:&quot;&quot;,&quot;created_timestamp&quot;:&quot;0&quot;,&quot;copyright&quot;:&quot;&quot;,&quot;focal_length&quot;:&quot;0&quot;,&quot;iso&quot;:&quot;0&quot;,&quot;shutter_speed&quot;:&quot;0&quot;,&quot;title&quot;:&quot;&quot;,&quot;orientation&quot;:&quot;0&quot;}\" data-image-title=\"POE &amp;#8211; The hollow of your heart\" data-image-description=\"\" data-image-caption=\"\" data-large-file=\"https:\/\/i0.wp.com\/benartandwords.com\/wp-content\/uploads\/2025\/04\/POE-The-hollow-of-your-heart.png?fit=819%2C1024&amp;ssl=1\" src=\"https:\/\/i0.wp.com\/benartandwords.com\/wp-content\/uploads\/2025\/04\/POE-The-hollow-of-your-heart.png?resize=819%2C1024&#038;ssl=1\" alt=\"\" class=\"wp-image-265\" srcset=\"https:\/\/i0.wp.com\/benartandwords.com\/wp-content\/uploads\/2025\/04\/POE-The-hollow-of-your-heart.png?resize=819%2C1024&amp;ssl=1 819w, https:\/\/i0.wp.com\/benartandwords.com\/wp-content\/uploads\/2025\/04\/POE-The-hollow-of-your-heart.png?resize=240%2C300&amp;ssl=1 240w, https:\/\/i0.wp.com\/benartandwords.com\/wp-content\/uploads\/2025\/04\/POE-The-hollow-of-your-heart.png?resize=768%2C960&amp;ssl=1 768w, https:\/\/i0.wp.com\/benartandwords.com\/wp-content\/uploads\/2025\/04\/POE-The-hollow-of-your-heart.png?resize=10%2C12&amp;ssl=1 10w, https:\/\/i0.wp.com\/benartandwords.com\/wp-content\/uploads\/2025\/04\/POE-The-hollow-of-your-heart.png?w=1080&amp;ssl=1 1080w\" sizes=\"auto, (max-width: 819px) 100vw, 819px\" \/><\/a><\/figure>\n<\/div>\n<\/div>\n\n\n\n<div style=\"height:calc( 0.25 * var(--wp--style--root--padding-right, var(--wp--custom--gap--horizontal)))\" aria-hidden=\"true\" class=\"wp-block-spacer\"><\/div>\n<\/div>\n\n\n\n<p class=\"wp-block-paragraph\"><\/p>","protected":false},"excerpt":{"rendered":"<p>Une s\u00e9lection de mes po\u00e8mes dans ce recueil de po\u00e9sie publique, o\u00f9 les mots et les \u00e9motions s'entrem\u00ealent. N'h\u00e9sitez pas \u00e0 explorer et \u00e0 vous immerger dans mon \u00e9criture.<\/p>","protected":false},"author":233417446,"featured_media":126,"parent":0,"menu_order":0,"comment_status":"closed","ping_status":"closed","template":"","meta":{"_crdt_document":"","footnotes":""},"class_list":["post-25","page","type-page","status-publish","has-post-thumbnail","hentry"],"yoast_head":"<!-- This site is optimized with the Yoast SEO plugin v27.6 - https:\/\/yoast.com\/product\/yoast-seo-wordpress\/ -->\n<title>My Public Poetry Collection - Ben | Artist and Author<\/title>\n<meta name=\"description\" content=\"Explore my public poetry collection\u2014where words and emotions intertwine. Discover poems that capture fleeting moments, feelings, and stories.\" \/>\n<meta name=\"robots\" content=\"index, follow, max-snippet:-1, max-image-preview:large, max-video-preview:-1\" \/>\n<link rel=\"canonical\" href=\"https:\/\/benartandwords.com\/fr\/my-public-poetry-collection\/\" \/>\n<meta property=\"og:locale\" content=\"fr_FR\" \/>\n<meta property=\"og:type\" content=\"article\" \/>\n<meta property=\"og:title\" content=\"My Public Poetry Collection - Ben | Artist and Author\" \/>\n<meta property=\"og:description\" content=\"Explore my public poetry collection\u2014where words and emotions intertwine. Discover poems that capture fleeting moments, feelings, and stories.\" \/>\n<meta property=\"og:url\" content=\"https:\/\/benartandwords.com\/fr\/my-public-poetry-collection\/\" \/>\n<meta property=\"og:site_name\" content=\"Ben | Artist and Author\" \/>\n<meta property=\"article:modified_time\" content=\"2025-04-22T08:58:47+00:00\" \/>\n<meta property=\"og:image\" content=\"https:\/\/benartandwords.com\/wp-content\/uploads\/2025\/02\/create-a-highly-detailed-sharp-focus-featured-image-for-a.png\" \/>\n\t<meta property=\"og:image:width\" content=\"1024\" \/>\n\t<meta property=\"og:image:height\" content=\"768\" \/>\n\t<meta property=\"og:image:type\" content=\"image\/png\" \/>\n<meta name=\"twitter:card\" content=\"summary_large_image\" \/>\n<meta name=\"twitter:label1\" content=\"Dur\u00e9e de lecture estim\u00e9e\" \/>\n\t<meta name=\"twitter:data1\" content=\"1 minute\" \/>\n<script type=\"application\/ld+json\" class=\"yoast-schema-graph\">{\"@context\":\"https:\\\/\\\/schema.org\",\"@graph\":[{\"@type\":\"WebPage\",\"@id\":\"https:\\\/\\\/benartandwords.com\\\/my-public-poetry-collection\\\/\",\"url\":\"https:\\\/\\\/benartandwords.com\\\/my-public-poetry-collection\\\/\",\"name\":\"My Public Poetry Collection - Ben | Artist and Author\",\"isPartOf\":{\"@id\":\"https:\\\/\\\/benartandwords.com\\\/#website\"},\"primaryImageOfPage\":{\"@id\":\"https:\\\/\\\/benartandwords.com\\\/my-public-poetry-collection\\\/#primaryimage\"},\"image\":{\"@id\":\"https:\\\/\\\/benartandwords.com\\\/my-public-poetry-collection\\\/#primaryimage\"},\"thumbnailUrl\":\"https:\\\/\\\/i0.wp.com\\\/benartandwords.com\\\/wp-content\\\/uploads\\\/2025\\\/02\\\/create-a-highly-detailed-sharp-focus-featured-image-for-a.png?fit=1024%2C768&ssl=1\",\"datePublished\":\"2025-02-17T17:26:34+00:00\",\"dateModified\":\"2025-04-22T08:58:47+00:00\",\"description\":\"Explore my public poetry collection\u2014where words and emotions intertwine. Discover poems that capture fleeting moments, feelings, and stories.\",\"breadcrumb\":{\"@id\":\"https:\\\/\\\/benartandwords.com\\\/my-public-poetry-collection\\\/#breadcrumb\"},\"inLanguage\":\"fr-FR\",\"potentialAction\":[{\"@type\":\"ReadAction\",\"target\":[\"https:\\\/\\\/benartandwords.com\\\/my-public-poetry-collection\\\/\"]}]},{\"@type\":\"ImageObject\",\"inLanguage\":\"fr-FR\",\"@id\":\"https:\\\/\\\/benartandwords.com\\\/my-public-poetry-collection\\\/#primaryimage\",\"url\":\"https:\\\/\\\/i0.wp.com\\\/benartandwords.com\\\/wp-content\\\/uploads\\\/2025\\\/02\\\/create-a-highly-detailed-sharp-focus-featured-image-for-a.png?fit=1024%2C768&ssl=1\",\"contentUrl\":\"https:\\\/\\\/i0.wp.com\\\/benartandwords.com\\\/wp-content\\\/uploads\\\/2025\\\/02\\\/create-a-highly-detailed-sharp-focus-featured-image-for-a.png?fit=1024%2C768&ssl=1\",\"width\":1024,\"height\":768,\"caption\":\"public poetry collection from Ben G.\"},{\"@type\":\"BreadcrumbList\",\"@id\":\"https:\\\/\\\/benartandwords.com\\\/my-public-poetry-collection\\\/#breadcrumb\",\"itemListElement\":[{\"@type\":\"ListItem\",\"position\":1,\"name\":\"Home\",\"item\":\"https:\\\/\\\/benartandwords.com\\\/\"},{\"@type\":\"ListItem\",\"position\":2,\"name\":\"My Public Poetry Collection\"}]},{\"@type\":\"WebSite\",\"@id\":\"https:\\\/\\\/benartandwords.com\\\/#website\",\"url\":\"https:\\\/\\\/benartandwords.com\\\/\",\"name\":\"Ben | Artist and Author\",\"description\":\"A place about my art and writings.\",\"publisher\":{\"@id\":\"https:\\\/\\\/benartandwords.com\\\/#\\\/schema\\\/person\\\/e23cfd7e47270dd1a73b7ddad4cce0ab\"},\"potentialAction\":[{\"@type\":\"SearchAction\",\"target\":{\"@type\":\"EntryPoint\",\"urlTemplate\":\"https:\\\/\\\/benartandwords.com\\\/?s={search_term_string}\"},\"query-input\":{\"@type\":\"PropertyValueSpecification\",\"valueRequired\":true,\"valueName\":\"search_term_string\"}}],\"inLanguage\":\"fr-FR\"},{\"@type\":[\"Person\",\"Organization\"],\"@id\":\"https:\\\/\\\/benartandwords.com\\\/#\\\/schema\\\/person\\\/e23cfd7e47270dd1a73b7ddad4cce0ab\",\"name\":\"Ben G.\",\"image\":{\"@type\":\"ImageObject\",\"inLanguage\":\"fr-FR\",\"@id\":\"https:\\\/\\\/i0.wp.com\\\/benartandwords.com\\\/wp-content\\\/uploads\\\/2025\\\/02\\\/pdp-pro-temporaire-pour-site-web-1.png?fit=800%2C800&ssl=1\",\"url\":\"https:\\\/\\\/i0.wp.com\\\/benartandwords.com\\\/wp-content\\\/uploads\\\/2025\\\/02\\\/pdp-pro-temporaire-pour-site-web-1.png?fit=800%2C800&ssl=1\",\"contentUrl\":\"https:\\\/\\\/i0.wp.com\\\/benartandwords.com\\\/wp-content\\\/uploads\\\/2025\\\/02\\\/pdp-pro-temporaire-pour-site-web-1.png?fit=800%2C800&ssl=1\",\"width\":800,\"height\":800,\"caption\":\"Ben G.\"},\"logo\":{\"@id\":\"https:\\\/\\\/i0.wp.com\\\/benartandwords.com\\\/wp-content\\\/uploads\\\/2025\\\/02\\\/pdp-pro-temporaire-pour-site-web-1.png?fit=800%2C800&ssl=1\"},\"sameAs\":[\"https:\\\/\\\/freshmindmag.com\\\/\"]}]}<\/script>\n<!-- \/ Yoast SEO plugin. -->","yoast_head_json":{"title":"My Public Poetry Collection - Ben | Artist and Author","description":"Explore my public poetry collection\u2014where words and emotions intertwine. Discover poems that capture fleeting moments, feelings, and stories.","robots":{"index":"index","follow":"follow","max-snippet":"max-snippet:-1","max-image-preview":"max-image-preview:large","max-video-preview":"max-video-preview:-1"},"canonical":"https:\/\/benartandwords.com\/fr\/my-public-poetry-collection\/","og_locale":"fr_FR","og_type":"article","og_title":"My Public Poetry Collection - Ben | Artist and Author","og_description":"Explore my public poetry collection\u2014where words and emotions intertwine. Discover poems that capture fleeting moments, feelings, and stories.","og_url":"https:\/\/benartandwords.com\/fr\/my-public-poetry-collection\/","og_site_name":"Ben | Artist and Author","article_modified_time":"2025-04-22T08:58:47+00:00","og_image":[{"width":1024,"height":768,"url":"https:\/\/benartandwords.com\/wp-content\/uploads\/2025\/02\/create-a-highly-detailed-sharp-focus-featured-image-for-a.png","type":"image\/png"}],"twitter_card":"summary_large_image","twitter_misc":{"Dur\u00e9e de lecture estim\u00e9e":"1 minute"},"schema":{"@context":"https:\/\/schema.org","@graph":[{"@type":"WebPage","@id":"https:\/\/benartandwords.com\/my-public-poetry-collection\/","url":"https:\/\/benartandwords.com\/my-public-poetry-collection\/","name":"My Public Poetry Collection - Ben | Artist and Author","isPartOf":{"@id":"https:\/\/benartandwords.com\/#website"},"primaryImageOfPage":{"@id":"https:\/\/benartandwords.com\/my-public-poetry-collection\/#primaryimage"},"image":{"@id":"https:\/\/benartandwords.com\/my-public-poetry-collection\/#primaryimage"},"thumbnailUrl":"https:\/\/i0.wp.com\/benartandwords.com\/wp-content\/uploads\/2025\/02\/create-a-highly-detailed-sharp-focus-featured-image-for-a.png?fit=1024%2C768&ssl=1","datePublished":"2025-02-17T17:26:34+00:00","dateModified":"2025-04-22T08:58:47+00:00","description":"Explore my public poetry collection\u2014where words and emotions intertwine. Discover poems that capture fleeting moments, feelings, and stories.","breadcrumb":{"@id":"https:\/\/benartandwords.com\/my-public-poetry-collection\/#breadcrumb"},"inLanguage":"fr-FR","potentialAction":[{"@type":"ReadAction","target":["https:\/\/benartandwords.com\/my-public-poetry-collection\/"]}]},{"@type":"ImageObject","inLanguage":"fr-FR","@id":"https:\/\/benartandwords.com\/my-public-poetry-collection\/#primaryimage","url":"https:\/\/i0.wp.com\/benartandwords.com\/wp-content\/uploads\/2025\/02\/create-a-highly-detailed-sharp-focus-featured-image-for-a.png?fit=1024%2C768&ssl=1","contentUrl":"https:\/\/i0.wp.com\/benartandwords.com\/wp-content\/uploads\/2025\/02\/create-a-highly-detailed-sharp-focus-featured-image-for-a.png?fit=1024%2C768&ssl=1","width":1024,"height":768,"caption":"public poetry collection from Ben G."},{"@type":"BreadcrumbList","@id":"https:\/\/benartandwords.com\/my-public-poetry-collection\/#breadcrumb","itemListElement":[{"@type":"ListItem","position":1,"name":"Home","item":"https:\/\/benartandwords.com\/"},{"@type":"ListItem","position":2,"name":"My Public Poetry Collection"}]},{"@type":"WebSite","@id":"https:\/\/benartandwords.com\/#website","url":"https:\/\/benartandwords.com\/","name":"Ben | Artist and Author","description":"A place about my art and writings.","publisher":{"@id":"https:\/\/benartandwords.com\/#\/schema\/person\/e23cfd7e47270dd1a73b7ddad4cce0ab"},"potentialAction":[{"@type":"SearchAction","target":{"@type":"EntryPoint","urlTemplate":"https:\/\/benartandwords.com\/?s={search_term_string}"},"query-input":{"@type":"PropertyValueSpecification","valueRequired":true,"valueName":"search_term_string"}}],"inLanguage":"fr-FR"},{"@type":["Person","Organization"],"@id":"https:\/\/benartandwords.com\/#\/schema\/person\/e23cfd7e47270dd1a73b7ddad4cce0ab","name":"Ben G.","image":{"@type":"ImageObject","inLanguage":"fr-FR","@id":"https:\/\/i0.wp.com\/benartandwords.com\/wp-content\/uploads\/2025\/02\/pdp-pro-temporaire-pour-site-web-1.png?fit=800%2C800&ssl=1","url":"https:\/\/i0.wp.com\/benartandwords.com\/wp-content\/uploads\/2025\/02\/pdp-pro-temporaire-pour-site-web-1.png?fit=800%2C800&ssl=1","contentUrl":"https:\/\/i0.wp.com\/benartandwords.com\/wp-content\/uploads\/2025\/02\/pdp-pro-temporaire-pour-site-web-1.png?fit=800%2C800&ssl=1","width":800,"height":800,"caption":"Ben G."},"logo":{"@id":"https:\/\/i0.wp.com\/benartandwords.com\/wp-content\/uploads\/2025\/02\/pdp-pro-temporaire-pour-site-web-1.png?fit=800%2C800&ssl=1"},"sameAs":["https:\/\/freshmindmag.com\/"]}]}},"jetpack_sharing_enabled":true,"jetpack_shortlink":"https:\/\/wp.me\/PgmoJG-p","jetpack-related-posts":[],"_links":{"self":[{"href":"https:\/\/benartandwords.com\/fr\/wp-json\/wp\/v2\/pages\/25","targetHints":{"allow":["GET"]}}],"collection":[{"href":"https:\/\/benartandwords.com\/fr\/wp-json\/wp\/v2\/pages"}],"about":[{"href":"https:\/\/benartandwords.com\/fr\/wp-json\/wp\/v2\/types\/page"}],"author":[{"embeddable":true,"href":"https:\/\/benartandwords.com\/fr\/wp-json\/wp\/v2\/users\/233417446"}],"replies":[{"embeddable":true,"href":"https:\/\/benartandwords.com\/fr\/wp-json\/wp\/v2\/comments?post=25"}],"version-history":[{"count":14,"href":"https:\/\/benartandwords.com\/fr\/wp-json\/wp\/v2\/pages\/25\/revisions"}],"predecessor-version":[{"id":268,"href":"https:\/\/benartandwords.com\/fr\/wp-json\/wp\/v2\/pages\/25\/revisions\/268"}],"wp:featuredmedia":[{"embeddable":true,"href":"https:\/\/benartandwords.com\/fr\/wp-json\/wp\/v2\/media\/126"}],"wp:attachment":[{"href":"https:\/\/benartandwords.com\/fr\/wp-json\/wp\/v2\/media?parent=25"}],"curies":[{"name":"wp","href":"https:\/\/api.w.org\/{rel}","templated":true}]}}